{"id":3,"date":"2026-01-19T14:12:16","date_gmt":"2026-01-19T12:12:16","guid":{"rendered":"\/?page_id=3"},"modified":"2026-02-28T16:49:16","modified_gmt":"2026-02-28T15:49:16","slug":"datenschutzerklaerung","status":"publish","type":"page","link":"https:\/\/hoywoy.com\/?page_id=3","title":{"rendered":"Impressum und Datenschutzerkl\u00e4rung"},"content":{"rendered":"\n<h2 class=\"wp-block-heading has-medium-font-size\"><strong>Angaben gem\u00e4\u00df \u00a7 5 DDG:<\/strong><br>J\u00fcrgen Sch\u00f6ne<br>Pforzheimer Platz 6<br>02977 Hoyerswerda<\/h2>\n\n\n\n<p><strong>Kontakt:<\/strong><br>E-Mail: js@hoywoy.com<\/p>\n\n\n\n<p><strong>Verantwortlich f\u00fcr den Inhalt nach \u00a7 18 Abs. 2 MStV:<\/strong><br>J\u00fcrgen Sch\u00f6ne<br>Anschrift wie oben<\/p>\n\n\n\n<p><strong>Datenschutzerkl\u00e4rung<\/strong><\/p>\n\n\n\n<p><strong>1. Datenschutz auf einen Blick<\/strong><br>Diese Website wird rein privat betrieben. Es werden keine Analyse-Tools (wie Google Analytics) oder Werbenetzwerke eingesetzt.<\/p>\n\n\n\n<p><strong>2. Verantwortliche Stelle<\/strong><br>Der Verantwortliche f\u00fcr die Datenverarbeitung auf dieser Website ist:<br>Name, Anschrift und E-Mail wie im Impressum<\/p>\n\n\n\n<p><strong>3. Datenerfassung auf dieser Website<\/strong><br><strong>Server-Log-Dateien:<\/strong>&nbsp;Der Provider der Seiten erhebt und speichert automatisch Informationen in sogenannten Server-Log-Dateien, die Ihr Browser automatisch an uns \u00fcbermittelt. Dies sind: Browsertyp\/-version, Betriebssystem, Referrer URL, Hostname des zugreifenden Rechners, Uhrzeit der Serveranfrage und IP-Adresse. Diese Daten sind nicht bestimmten Personen zuordbar. Eine Zusammenf\u00fchrung dieser Daten mit anderen Datenquellen wird nicht vorgenommen.<\/p>\n\n\n\n<p><strong>4. Ihre Rechte<\/strong><br>Sie haben jederzeit das Recht, unentgeltlich Auskunft \u00fcber Herkunft, Empf\u00e4nger und Zweck Ihrer gespeicherten personenbezogenen Daten zu erhalten. Sie haben au\u00dferdem ein Recht auf Berichtigung oder L\u00f6schung dieser Daten.<\/p>\n","protected":false},"excerpt":{"rendered":"<p>Angaben gem\u00e4\u00df \u00a7 5 DDG:J\u00fcrgen Sch\u00f6nePforzheimer Platz 602977 Hoyerswerda Kontakt:E-Mail: js@hoywoy.com Verantwortlich f\u00fcr den Inhalt nach \u00a7 18 Abs. 2<\/p>\n","protected":false},"author":1,"featured_media":0,"parent":0,"menu_order":0,"comment_status":"closed","ping_status":"open","template":"","meta":{"colormag_page_container_layout":"default_layout","colormag_page_sidebar_layout":"default_layout","footnotes":""},"class_list":["post-3","page","type-page","status-publish","hentry"],"_links":{"self":[{"href":"https:\/\/hoywoy.com\/index.php?rest_route=\/wp\/v2\/pages\/3","targetHints":{"allow":["GET"]}}],"collection":[{"href":"https:\/\/hoywoy.com\/index.php?rest_route=\/wp\/v2\/pages"}],"about":[{"href":"https:\/\/hoywoy.com\/index.php?rest_route=\/wp\/v2\/types\/page"}],"author":[{"embeddable":true,"href":"https:\/\/hoywoy.com\/index.php?rest_route=\/wp\/v2\/users\/1"}],"replies":[{"embeddable":true,"href":"https:\/\/hoywoy.com\/index.php?rest_route=%2Fwp%2Fv2%2Fcomments&post=3"}],"version-history":[{"count":2,"href":"https:\/\/hoywoy.com\/index.php?rest_route=\/wp\/v2\/pages\/3\/revisions"}],"predecessor-version":[{"id":40,"href":"https:\/\/hoywoy.com\/index.php?rest_route=\/wp\/v2\/pages\/3\/revisions\/40"}],"wp:attachment":[{"href":"https:\/\/hoywoy.com\/index.php?rest_route=%2Fwp%2Fv2%2Fmedia&parent=3"}],"curies":[{"name":"wp","href":"https:\/\/api.w.org\/{rel}","templated":true}]}}